{"id":2021,"date":"2020-05-08T11:56:10","date_gmt":"2020-05-08T11:56:10","guid":{"rendered":"https:\/\/leticia.fetek.es\/testimonios\/"},"modified":"2021-03-20T20:24:46","modified_gmt":"2021-03-20T20:24:46","slug":"testimonios","status":"publish","type":"page","link":"https:\/\/leticia.fetek.es\/en\/testimonios\/","title":{"rendered":"Testimonials"},"content":{"rendered":"<div class=\"fusion-fullwidth fullwidth-box fusion-builder-row-1 fusion-flex-container nonhundred-percent-fullwidth non-hundred-percent-height-scrolling\" style=\"background-color: rgba(255,255,255,0);background-position: center center;background-repeat: no-repeat;border-width: 0px 0px 0px 0px;border-color:var(--awb-color3);border-style:solid;\" ><div class=\"fusion-builder-row fusion-row fusion-flex-align-items-flex-start\" style=\"max-width:calc( 1200px + 0px );margin-left: calc(-0px \/ 2 );margin-right: calc(-0px \/ 2 );\"><div class=\"fusion-layout-column fusion_builder_column fusion-builder-column-0 fusion_builder_column_1_1 1_1 fusion-flex-column\"><div class=\"fusion-column-wrapper fusion-flex-justify-content-flex-start fusion-content-layout-column\" style=\"background-position:left top;background-repeat:no-repeat;-webkit-background-size:cover;-moz-background-size:cover;-o-background-size:cover;background-size:cover;padding: 0px 0px 0px 0px;\"><div class=\"fusion-testimonials clean fusion-testimonials-1\" data-random=\"0\" data-speed=\"4000\"><style type=\"text\/css\">#fusion-testimonials-1 a{border-color:var(--awb-color8);}#fusion-testimonials-1 a:hover, #fusion-testimonials-1 .activeSlide{background-color: var(--awb-color8);}.fusion-testimonials.clean.fusion-testimonials-1 .author:after{border-top-color:var(--awb-color2) !important;}<\/style><div class=\"reviews\"><div class=\"review active-testimonial female\"><div class=\"testimonial-thumbnail doe\" style=\"color:var(--awb-color8);\"><\/div><blockquote class=\"testimonials-shortcode-blockquote\"><q style=\"background-color:var(--awb-color2);color:var(--awb-color8);\" class=\"fusion-clearfix\">\n<div dir=\"ltr\">\n<div dir=\"ltr\">\n<p>\"A few months ago I found myself undergoing several complex situations, both laboural and personal. I started seeking professional help to work on these aspects of my life and try to find a light at the end of the tunnel. I had several sessions with a psychologist but to no avail. I went on looking a little more and found Leticia's profile. Her experience in large corporations immediately caught my attention. This enabled her to deeply understand the hardships and obstacles in this field, as well as the tools to develop and results tracking in order to achieve the targets I was aiming for. <a href=\"https:\/\/leticia.fetek.es\/testimonios-en\/testimonio-dominique-ballesteros\/?lang=en\">Read more<\/a>\"<\/p>\n<\/div>\n<div dir=\"ltr\"><\/div>\n<\/div>\n<div dir=\"ltr\">\n<div dir=\"ltr\">\n<div class=\"gmail_default\"><\/div>\n<\/div>\n<\/div>\n<\/q><\/blockquote><div class=\"author\" style=\"color:var(--awb-color8);\"><span class=\"company-name\"><strong>Dominique Ballesteros<\/strong><\/span><\/div><\/div><\/div><\/div><div class=\"fusion-section-separator section-separator clouds fusion-section-separator-1\"><div class=\"fusion-section-separator-svg\" style=\"padding:0;\"><svg class=\"fusion-clouds-candy\" xmlns=\"http:\/\/www.w3.org\/2000\/svg\" version=\"1.1\" width=\"100%\" height=\"100\" viewBox=\"0 0 100 100\" preserveAspectRatio=\"none\" style=\"padding:0;\" fill=\"rgba(0,0,0,1)\"><path d=\"M-5 100 Q 0 20 5 100 Z\"><\/path>\n\t\t\t\t\t\t\t\t<path d=\"M0 100 Q 5 0 10 100\"><\/path>\n\t\t\t\t\t\t\t\t<path d=\"M5 100 Q 10 30 15 100\"><\/path>\n\t\t\t\t\t\t\t\t<path d=\"M10 100 Q 15 10 20 100\"><\/path>\n\t\t\t\t\t\t\t\t<path d=\"M15 100 Q 20 30 25 100\"><\/path>\n\t\t\t\t\t\t\t\t<path d=\"M20 100 Q 25 -10 30 100\"><\/path>\n\t\t\t\t\t\t\t\t<path d=\"M25 100 Q 30 10 35 100\"><\/path>\n\t\t\t\t\t\t\t\t<path d=\"M30 100 Q 35 30 40 100\"><\/path>\n\t\t\t\t\t\t\t\t<path d=\"M35 100 Q 40 10 45 100\"><\/path>\n\t\t\t\t\t\t\t\t<path d=\"M40 100 Q 45 50 50 100\"><\/path>\n\t\t\t\t\t\t\t\t<path d=\"M45 100 Q 50 20 55 100\"><\/path>\n\t\t\t\t\t\t\t\t<path d=\"M50 100 Q 55 40 60 100\"><\/path>\n\t\t\t\t\t\t\t\t<path d=\"M55 100 Q 60 60 65 100\"><\/path>\n\t\t\t\t\t\t\t\t<path d=\"M60 100 Q 65 50 70 100\"><\/path>\n\t\t\t\t\t\t\t\t<path d=\"M65 100 Q 70 20 75 100\"><\/path>\n\t\t\t\t\t\t\t\t<path d=\"M70 100 Q 75 45 80 100\"><\/path>\n\t\t\t\t\t\t\t\t<path d=\"M75 100 Q 80 30 85 100\"><\/path>\n\t\t\t\t\t\t\t\t<path d=\"M80 100 Q 85 20 90 100\"><\/path>\n\t\t\t\t\t\t\t\t<path d=\"M85 100 Q 90 50 95 100\"><\/path>\n\t\t\t\t\t\t\t\t<path d=\"M90 100 Q 95 25 100 100\"><\/path>\n\t\t\t\t\t\t\t\t<path d=\"M95 100 Q 100 15 105 100 Z\"><\/path><\/svg><\/div><div class=\"fusion-section-separator-spacer\"><div class=\"fusion-section-separator-spacer-height\" style=\"height:99px;\"><\/div><\/div><style type=\"text\/css\">.fusion-section-separator-1 .fusion-section-separator-svg {margin-left:0px;margin-right:0px;}@media only screen and (max-width:1024px) {.fusion-section-separator-1 .fusion-section-separator-svg {margin-left:0px;margin-right:0px;}}@media only screen and (max-width:640px) {.fusion-section-separator-1 .fusion-section-separator-svg {margin-left:0px;margin-right:0px;}}<\/style><\/div><div class=\"fusion-testimonials clean fusion-testimonials-2\" data-random=\"0\" data-speed=\"4000\"><style type=\"text\/css\">#fusion-testimonials-2 a{border-color:var(--awb-color8);}#fusion-testimonials-2 a:hover, #fusion-testimonials-2 .activeSlide{background-color: var(--awb-color8);}.fusion-testimonials.clean.fusion-testimonials-2 .author:after{border-top-color:var(--awb-color2) !important;}<\/style><div class=\"reviews\"><div class=\"review active-testimonial female\"><div class=\"testimonial-thumbnail doe\" style=\"color:var(--awb-color8);\"><\/div><blockquote class=\"testimonials-shortcode-blockquote\"><q style=\"background-color:var(--awb-color2);color:var(--awb-color8);\" class=\"fusion-clearfix\">\n<p>\u201cMy sessions with Leticia have been much more than just sessions. They marked a milestone in my life and I will definitely see her again. She helped me not only during our incredibly revealing and transforming sessions, but even at this moment I keep on using her techniques in my daily life, and these are tools I can have at hand forever. <a href=\"https:\/\/leticia.fetek.es\/testimonios-en\/testimonio-esperanza\/?lang=en\">Read more<\/a> \"<\/p>\n<\/q><\/blockquote><div class=\"author\" style=\"color:var(--awb-color8);\"><span class=\"company-name\"><strong>Esperanza P.R.<\/strong><\/span><\/div><\/div><\/div><\/div><div class=\"fusion-section-separator section-separator clouds fusion-section-separator-2\"><div class=\"fusion-section-separator-svg\" style=\"padding:0;\"><svg class=\"fusion-clouds-candy\" xmlns=\"http:\/\/www.w3.org\/2000\/svg\" version=\"1.1\" width=\"100%\" height=\"100\" viewBox=\"0 0 100 100\" preserveAspectRatio=\"none\" style=\"padding:0;\" fill=\"rgba(0,0,0,1)\"><path d=\"M-5 100 Q 0 20 5 100 Z\"><\/path>\n\t\t\t\t\t\t\t\t<path d=\"M0 100 Q 5 0 10 100\"><\/path>\n\t\t\t\t\t\t\t\t<path d=\"M5 100 Q 10 30 15 100\"><\/path>\n\t\t\t\t\t\t\t\t<path d=\"M10 100 Q 15 10 20 100\"><\/path>\n\t\t\t\t\t\t\t\t<path d=\"M15 100 Q 20 30 25 100\"><\/path>\n\t\t\t\t\t\t\t\t<path d=\"M20 100 Q 25 -10 30 100\"><\/path>\n\t\t\t\t\t\t\t\t<path d=\"M25 100 Q 30 10 35 100\"><\/path>\n\t\t\t\t\t\t\t\t<path d=\"M30 100 Q 35 30 40 100\"><\/path>\n\t\t\t\t\t\t\t\t<path d=\"M35 100 Q 40 10 45 100\"><\/path>\n\t\t\t\t\t\t\t\t<path d=\"M40 100 Q 45 50 50 100\"><\/path>\n\t\t\t\t\t\t\t\t<path d=\"M45 100 Q 50 20 55 100\"><\/path>\n\t\t\t\t\t\t\t\t<path d=\"M50 100 Q 55 40 60 100\"><\/path>\n\t\t\t\t\t\t\t\t<path d=\"M55 100 Q 60 60 65 100\"><\/path>\n\t\t\t\t\t\t\t\t<path d=\"M60 100 Q 65 50 70 100\"><\/path>\n\t\t\t\t\t\t\t\t<path d=\"M65 100 Q 70 20 75 100\"><\/path>\n\t\t\t\t\t\t\t\t<path d=\"M70 100 Q 75 45 80 100\"><\/path>\n\t\t\t\t\t\t\t\t<path d=\"M75 100 Q 80 30 85 100\"><\/path>\n\t\t\t\t\t\t\t\t<path d=\"M80 100 Q 85 20 90 100\"><\/path>\n\t\t\t\t\t\t\t\t<path d=\"M85 100 Q 90 50 95 100\"><\/path>\n\t\t\t\t\t\t\t\t<path d=\"M90 100 Q 95 25 100 100\"><\/path>\n\t\t\t\t\t\t\t\t<path d=\"M95 100 Q 100 15 105 100 Z\"><\/path><\/svg><\/div><div class=\"fusion-section-separator-spacer\"><div class=\"fusion-section-separator-spacer-height\" style=\"height:99px;\"><\/div><\/div><style type=\"text\/css\">.fusion-section-separator-2 .fusion-section-separator-svg {margin-left:0px;margin-right:0px;}@media only screen and (max-width:1024px) {.fusion-section-separator-2 .fusion-section-separator-svg {margin-left:0px;margin-right:0px;}}@media only screen and (max-width:640px) {.fusion-section-separator-2 .fusion-section-separator-svg {margin-left:0px;margin-right:0px;}}<\/style><\/div><div class=\"fusion-testimonials clean fusion-testimonials-3\" data-random=\"0\" data-speed=\"4000\"><style type=\"text\/css\">#fusion-testimonials-3 a{border-color:var(--awb-color8);}#fusion-testimonials-3 a:hover, #fusion-testimonials-3 .activeSlide{background-color: var(--awb-color8);}.fusion-testimonials.clean.fusion-testimonials-3 .author:after{border-top-color:var(--awb-color2) !important;}<\/style><div class=\"reviews\"><div class=\"review active-testimonial male\"><div class=\"testimonial-thumbnail doe\" style=\"color:var(--awb-color8);\"><\/div><blockquote class=\"testimonials-shortcode-blockquote\"><q style=\"background-color:var(--awb-color2);color:var(--awb-color8);\" class=\"fusion-clearfix\">\n<p>\u201cThe truth is that in the beginning I thought coaching sessions were only going to be focusing on aspects of my professional life, such as leadership or how to optimize relationships to increase productivity. And yes, we dedicated part of the first session to identify situations that were critical or could be further improved in the laboural environment, but on the rest of the sessions we basically treated personal matters that I put on the table during our second meeting. I was experiencing a moment of great emotional charge back then and there was nothing else on my mind than the problem you well know of.. <a href=\"https:\/\/leticia.fetek.es\/testimonios-en\/testimonio-gabriel\/?lang=en\">Read more<\/a>\"<\/p>\n<p>Head of the Engineering AreaPONS<\/p>\n<\/q><\/blockquote><div class=\"author\" style=\"color:var(--awb-color8);\"><span class=\"company-name\"><strong>Gabriel C.P.<\/strong>, <span>Head of the Engineering AreaPONS<\/span><\/span><\/div><\/div><\/div><\/div><div class=\"fusion-section-separator section-separator clouds fusion-section-separator-3\"><div class=\"fusion-section-separator-svg\" style=\"padding:0;\"><svg class=\"fusion-clouds-candy\" xmlns=\"http:\/\/www.w3.org\/2000\/svg\" version=\"1.1\" width=\"100%\" height=\"100\" viewBox=\"0 0 100 100\" preserveAspectRatio=\"none\" style=\"padding:0;\" fill=\"rgba(0,0,0,1)\"><path d=\"M-5 100 Q 0 20 5 100 Z\"><\/path>\n\t\t\t\t\t\t\t\t<path d=\"M0 100 Q 5 0 10 100\"><\/path>\n\t\t\t\t\t\t\t\t<path d=\"M5 100 Q 10 30 15 100\"><\/path>\n\t\t\t\t\t\t\t\t<path d=\"M10 100 Q 15 10 20 100\"><\/path>\n\t\t\t\t\t\t\t\t<path d=\"M15 100 Q 20 30 25 100\"><\/path>\n\t\t\t\t\t\t\t\t<path d=\"M20 100 Q 25 -10 30 100\"><\/path>\n\t\t\t\t\t\t\t\t<path d=\"M25 100 Q 30 10 35 100\"><\/path>\n\t\t\t\t\t\t\t\t<path d=\"M30 100 Q 35 30 40 100\"><\/path>\n\t\t\t\t\t\t\t\t<path d=\"M35 100 Q 40 10 45 100\"><\/path>\n\t\t\t\t\t\t\t\t<path d=\"M40 100 Q 45 50 50 100\"><\/path>\n\t\t\t\t\t\t\t\t<path d=\"M45 100 Q 50 20 55 100\"><\/path>\n\t\t\t\t\t\t\t\t<path d=\"M50 100 Q 55 40 60 100\"><\/path>\n\t\t\t\t\t\t\t\t<path d=\"M55 100 Q 60 60 65 100\"><\/path>\n\t\t\t\t\t\t\t\t<path d=\"M60 100 Q 65 50 70 100\"><\/path>\n\t\t\t\t\t\t\t\t<path d=\"M65 100 Q 70 20 75 100\"><\/path>\n\t\t\t\t\t\t\t\t<path d=\"M70 100 Q 75 45 80 100\"><\/path>\n\t\t\t\t\t\t\t\t<path d=\"M75 100 Q 80 30 85 100\"><\/path>\n\t\t\t\t\t\t\t\t<path d=\"M80 100 Q 85 20 90 100\"><\/path>\n\t\t\t\t\t\t\t\t<path d=\"M85 100 Q 90 50 95 100\"><\/path>\n\t\t\t\t\t\t\t\t<path d=\"M90 100 Q 95 25 100 100\"><\/path>\n\t\t\t\t\t\t\t\t<path d=\"M95 100 Q 100 15 105 100 Z\"><\/path><\/svg><\/div><div class=\"fusion-section-separator-spacer\"><div class=\"fusion-section-separator-spacer-height\" style=\"height:99px;\"><\/div><\/div><style type=\"text\/css\">.fusion-section-separator-3 .fusion-section-separator-svg {margin-left:0px;margin-right:0px;}@media only screen and (max-width:1024px) {.fusion-section-separator-3 .fusion-section-separator-svg {margin-left:0px;margin-right:0px;}}@media only screen and (max-width:640px) {.fusion-section-separator-3 .fusion-section-separator-svg {margin-left:0px;margin-right:0px;}}<\/style><\/div><div class=\"fusion-testimonials clean fusion-testimonials-4\" data-random=\"0\" data-speed=\"4000\"><style type=\"text\/css\">#fusion-testimonials-4 a{border-color:var(--awb-color8);}#fusion-testimonials-4 a:hover, #fusion-testimonials-4 .activeSlide{background-color: var(--awb-color8);}.fusion-testimonials.clean.fusion-testimonials-4 .author:after{border-top-color:var(--awb-color2) !important;}<\/style><div class=\"reviews\"><div class=\"review active-testimonial avatar-image\"><div class=\"testimonial-thumbnail\"><img decoding=\"async\" class=\"testimonial-image\" src=\"https:\/\/leticia.fetek.es\/wp-content\/uploads\/2021\/01\/cristina-300x300.jpg\" width=\"300\" height=\"300\" \/><\/div><blockquote class=\"testimonials-shortcode-blockquote\"><q style=\"background-color:var(--awb-color2);color:var(--awb-color8);\" class=\"fusion-clearfix\">\n<p>\u201cI started my sessions with a bit of concern being this coaching an offer by the corporation I work with and I didn't exactly know what it would be about nor what subjects we were going to address. The truth is you didn't impose any conditions and gave me total freedom and confidence to talk about everything I needed to, either professional or personal. I think all aspects of our life are imprinted with our personality and the way we conduct ourselves and, therefore if we work to improve them it will surely have an effect on everything we do. So I decided to get into more personal matters that I was concerned about after you made me realize that any work we could do in this sense would be of benefit in all other areas of my life.. <a href=\"https:\/\/leticia.fetek.es\/testimonios-en\/testimonio-cristina\/?lang=en\">Read more<\/a>\"<\/p>\n<\/q><\/blockquote><div class=\"author\" style=\"color:var(--awb-color8);\"><span class=\"company-name\"><strong>Cristina G.M.<\/strong>, <span>Head of the Alicante OfficePONS<\/span><\/span><\/div><\/div><\/div><\/div><div class=\"fusion-section-separator section-separator clouds fusion-section-separator-4\"><div class=\"fusion-section-separator-svg\" style=\"padding:0;\"><svg class=\"fusion-clouds-candy\" xmlns=\"http:\/\/www.w3.org\/2000\/svg\" version=\"1.1\" width=\"100%\" height=\"100\" viewBox=\"0 0 100 100\" preserveAspectRatio=\"none\" style=\"padding:0;\" fill=\"rgba(0,0,0,1)\"><path d=\"M-5 100 Q 0 20 5 100 Z\"><\/path>\n\t\t\t\t\t\t\t\t<path d=\"M0 100 Q 5 0 10 100\"><\/path>\n\t\t\t\t\t\t\t\t<path d=\"M5 100 Q 10 30 15 100\"><\/path>\n\t\t\t\t\t\t\t\t<path d=\"M10 100 Q 15 10 20 100\"><\/path>\n\t\t\t\t\t\t\t\t<path d=\"M15 100 Q 20 30 25 100\"><\/path>\n\t\t\t\t\t\t\t\t<path d=\"M20 100 Q 25 -10 30 100\"><\/path>\n\t\t\t\t\t\t\t\t<path d=\"M25 100 Q 30 10 35 100\"><\/path>\n\t\t\t\t\t\t\t\t<path d=\"M30 100 Q 35 30 40 100\"><\/path>\n\t\t\t\t\t\t\t\t<path d=\"M35 100 Q 40 10 45 100\"><\/path>\n\t\t\t\t\t\t\t\t<path d=\"M40 100 Q 45 50 50 100\"><\/path>\n\t\t\t\t\t\t\t\t<path d=\"M45 100 Q 50 20 55 100\"><\/path>\n\t\t\t\t\t\t\t\t<path d=\"M50 100 Q 55 40 60 100\"><\/path>\n\t\t\t\t\t\t\t\t<path d=\"M55 100 Q 60 60 65 100\"><\/path>\n\t\t\t\t\t\t\t\t<path d=\"M60 100 Q 65 50 70 100\"><\/path>\n\t\t\t\t\t\t\t\t<path d=\"M65 100 Q 70 20 75 100\"><\/path>\n\t\t\t\t\t\t\t\t<path d=\"M70 100 Q 75 45 80 100\"><\/path>\n\t\t\t\t\t\t\t\t<path d=\"M75 100 Q 80 30 85 100\"><\/path>\n\t\t\t\t\t\t\t\t<path d=\"M80 100 Q 85 20 90 100\"><\/path>\n\t\t\t\t\t\t\t\t<path d=\"M85 100 Q 90 50 95 100\"><\/path>\n\t\t\t\t\t\t\t\t<path d=\"M90 100 Q 95 25 100 100\"><\/path>\n\t\t\t\t\t\t\t\t<path d=\"M95 100 Q 100 15 105 100 Z\"><\/path><\/svg><\/div><div class=\"fusion-section-separator-spacer\"><div class=\"fusion-section-separator-spacer-height\" style=\"height:99px;\"><\/div><\/div><style type=\"text\/css\">.fusion-section-separator-4 .fusion-section-separator-svg {margin-left:0px;margin-right:0px;}@media only screen and (max-width:1024px) {.fusion-section-separator-4 .fusion-section-separator-svg {margin-left:0px;margin-right:0px;}}@media only screen and (max-width:640px) {.fusion-section-separator-4 .fusion-section-separator-svg {margin-left:0px;margin-right:0px;}}<\/style><\/div><div class=\"fusion-testimonials clean fusion-testimonials-5\" data-random=\"0\" data-speed=\"7000\" id=\"testimonios\"><style type=\"text\/css\">#fusion-testimonials-5 a{border-color:#887965;}#fusion-testimonials-5 a:hover, #fusion-testimonials-5 .activeSlide{background-color: #887965;}.fusion-testimonials.clean.fusion-testimonials-5 .author:after{border-top-color:B9AFA1 !important;}<\/style><div class=\"reviews\"><div class=\"review active-testimonial female\"><div class=\"testimonial-thumbnail doe\" style=\"color:#887965;\"><\/div><blockquote class=\"testimonials-shortcode-blockquote\"><q style=\"background-color:B9AFA1;color:#887965;\" class=\"fusion-clearfix\">\n<p>\"Leticia es un \"B\u00e1lsamo\" para el alma, un ser especial que gu\u00eda y acompa\u00f1a en la dif\u00edcil tarea de la vida, coge tus manos y sentimientos y los acompa\u00f1a por caminos tranquilos y esperanzadores. Yo destacar\u00eda en Leticia el suministro de herramientas para ayudar en ese camino personal... Es una Maestra y una gu\u00eda excepcional.\"<\/p>\n<\/q><\/blockquote><div class=\"author\" style=\"color:#887965;\"><span class=\"company-name\"><strong>Diana M. Mart\u00ednez S.<\/strong><\/span><\/div><\/div><\/div><\/div><\/div><style type=\"text\/css\">.fusion-body .fusion-builder-column-0{width:100% !important;margin-top : 0px;margin-bottom : 20px;}.fusion-builder-column-0 > .fusion-column-wrapper {padding-top : 0px !important;padding-right : 0px !important;margin-right : 0px;padding-bottom : 0px !important;padding-left : 0px !important;margin-left : 0px;}@media only screen and (max-width:1024px) {.fusion-body .fusion-builder-column-0{width:100% !important;}.fusion-builder-column-0 > .fusion-column-wrapper {margin-right : 0px;margin-left : 0px;}}@media only screen and (max-width:640px) {.fusion-body .fusion-builder-column-0{width:100% !important;}.fusion-builder-column-0 > .fusion-column-wrapper {margin-right : 0px;margin-left : 0px;}}<\/style><\/div><\/div><style type=\"text\/css\">.fusion-body .fusion-flex-container.fusion-builder-row-1{ padding-top : 0px;margin-top : 0px;padding-right : 0px;padding-bottom : 0px;margin-bottom : 0px;padding-left : 0px;}<\/style><\/div>\n","protected":false},"excerpt":{"rendered":"","protected":false},"author":1,"featured_media":0,"parent":0,"menu_order":0,"comment_status":"closed","ping_status":"closed","template":"100-width.php","meta":{"_mi_skip_tracking":false,"footnotes":""},"class_list":["post-2021","page","type-page","status-publish","hentry"],"yoast_head":"<!-- This site is optimized with the Yoast SEO plugin v19.7.1 - https:\/\/yoast.com\/wordpress\/plugins\/seo\/ -->\n<title>Testimonials - Leticia Morales | Entrenadora emocional<\/title>\n<meta name=\"robots\" content=\"index, follow, max-snippet:-1, max-image-preview:large, max-video-preview:-1\" \/>\n<link rel=\"canonical\" href=\"https:\/\/www.letimorales.com\/en\/testimonios\/\" \/>\n<meta property=\"og:locale\" content=\"en_US\" \/>\n<meta property=\"og:type\" content=\"article\" \/>\n<meta property=\"og:title\" content=\"Testimonials - Leticia Morales | Entrenadora emocional\" \/>\n<meta property=\"og:url\" content=\"https:\/\/www.letimorales.com\/en\/testimonios\/\" \/>\n<meta property=\"og:site_name\" content=\"Leticia Morales | Entrenadora emocional\" \/>\n<meta property=\"article:modified_time\" content=\"2021-03-20T20:24:46+00:00\" \/>\n<meta name=\"twitter:card\" content=\"summary_large_image\" \/>\n<meta name=\"twitter:label1\" content=\"Est. reading time\" \/>\n\t<meta name=\"twitter:data1\" content=\"4 minutes\" \/>\n<!-- \/ Yoast SEO plugin. -->","yoast_head_json":{"title":"Testimonials - Leticia Morales | Entrenadora emocional","robots":{"index":"index","follow":"follow","max-snippet":"max-snippet:-1","max-image-preview":"max-image-preview:large","max-video-preview":"max-video-preview:-1"},"canonical":"https:\/\/www.letimorales.com\/en\/testimonios\/","og_locale":"en_US","og_type":"article","og_title":"Testimonials - Leticia Morales | Entrenadora emocional","og_url":"https:\/\/www.letimorales.com\/en\/testimonios\/","og_site_name":"Leticia Morales | Entrenadora emocional","article_modified_time":"2021-03-20T20:24:46+00:00","twitter_card":"summary_large_image","twitter_misc":{"Est. reading time":"4 minutes"},"schema":{"@context":"https:\/\/schema.org","@graph":[{"@type":"WebPage","@id":"https:\/\/www.letimorales.com\/en\/testimonios\/","url":"https:\/\/www.letimorales.com\/en\/testimonios\/","name":"Testimonials - Leticia Morales | Entrenadora emocional","isPartOf":{"@id":"https:\/\/leticia.fetek.es\/#website"},"datePublished":"2020-05-08T11:56:10+00:00","dateModified":"2021-03-20T20:24:46+00:00","breadcrumb":{"@id":"https:\/\/www.letimorales.com\/en\/testimonios\/#breadcrumb"},"inLanguage":"en-US","potentialAction":[{"@type":"ReadAction","target":["https:\/\/www.letimorales.com\/en\/testimonios\/"]}]},{"@type":"BreadcrumbList","@id":"https:\/\/www.letimorales.com\/en\/testimonios\/#breadcrumb","itemListElement":[{"@type":"ListItem","position":1,"name":"Testimonials"}]},{"@type":"WebSite","@id":"https:\/\/leticia.fetek.es\/#website","url":"https:\/\/leticia.fetek.es\/","name":"Leticia Morales | Entrenadora emocional","description":"Leticia Morales","potentialAction":[{"@type":"SearchAction","target":{"@type":"EntryPoint","urlTemplate":"https:\/\/leticia.fetek.es\/?s={search_term_string}"},"query-input":"required name=search_term_string"}],"inLanguage":"en-US"}]}},"_links":{"self":[{"href":"https:\/\/leticia.fetek.es\/en\/wp-json\/wp\/v2\/pages\/2021","targetHints":{"allow":["GET"]}}],"collection":[{"href":"https:\/\/leticia.fetek.es\/en\/wp-json\/wp\/v2\/pages"}],"about":[{"href":"https:\/\/leticia.fetek.es\/en\/wp-json\/wp\/v2\/types\/page"}],"author":[{"embeddable":true,"href":"https:\/\/leticia.fetek.es\/en\/wp-json\/wp\/v2\/users\/1"}],"replies":[{"embeddable":true,"href":"https:\/\/leticia.fetek.es\/en\/wp-json\/wp\/v2\/comments?post=2021"}],"version-history":[{"count":13,"href":"https:\/\/leticia.fetek.es\/en\/wp-json\/wp\/v2\/pages\/2021\/revisions"}],"predecessor-version":[{"id":2089,"href":"https:\/\/leticia.fetek.es\/en\/wp-json\/wp\/v2\/pages\/2021\/revisions\/2089"}],"wp:attachment":[{"href":"https:\/\/leticia.fetek.es\/en\/wp-json\/wp\/v2\/media?parent=2021"}],"curies":[{"name":"wp","href":"https:\/\/api.w.org\/{rel}","templated":true}]}}